{"id":10551,"date":"2023-07-10T17:13:36","date_gmt":"2023-07-10T20:13:36","guid":{"rendered":"https:\/\/natal-airport.kaptiva.com.br\/?page_id=10551"},"modified":"2025-10-13T11:39:51","modified_gmt":"2025-10-13T14:39:51","slug":"minha-conta","status":"publish","type":"page","link":"https:\/\/natal-airport.kaptiva.com.br\/index.php\/minha-conta\/","title":{"rendered":"Minha conta"},"content":{"rendered":"\t\t<div data-elementor-type=\"wp-page\" data-elementor-id=\"10551\" class=\"elementor elementor-10551\" data-elementor-post-type=\"page\">\n\t\t\t\t\t\t\t\t\t<section class=\"elementor-section elementor-top-section elementor-element elementor-element-899cf83 elementor-section-boxed elementor-section-height-default elementor-section-height-default\" data-id=\"899cf83\" data-element_type=\"section\">\n\t\t\t\t\t\t<div class=\"elementor-container elementor-column-gap-default\">\n\t\t\t\t\t<div class=\"elementor-column elementor-col-66 elementor-top-column elementor-element elementor-element-a5e109a\" data-id=\"a5e109a\" data-element_type=\"column\">\n\t\t\t<div class=\"elementor-widget-wrap\">\n\t\t\t\t\t\t\t\t\t<\/div>\n\t\t<\/div>\n\t\t\t\t<div class=\"elementor-column elementor-col-33 elementor-top-column elementor-element elementor-element-5ad4b0f\" data-id=\"5ad4b0f\" data-element_type=\"column\">\n\t\t\t<div class=\"elementor-widget-wrap elementor-element-populated\">\n\t\t\t\t\t\t\t\t<div class=\"elementor-element elementor-element-ce8baad elementor-widget elementor-widget-text-editor\" data-id=\"ce8baad\" data-element_type=\"widget\" data-widget_type=\"text-editor.default\">\n\t\t\t\t<div class=\"elementor-widget-container\">\n\t\t\t<style>\/*! elementor - v3.14.0 - 26-06-2023 *\/\n.elementor-widget-text-editor.elementor-drop-cap-view-stacked .elementor-drop-cap{background-color:#69727d;color:#fff}.elementor-widget-text-editor.elementor-drop-cap-view-framed .elementor-drop-cap{color:#69727d;border:3px solid;background-color:transparent}.elementor-widget-text-editor:not(.elementor-drop-cap-view-default) .elementor-drop-cap{margin-top:8px}.elementor-widget-text-editor:not(.elementor-drop-cap-view-default) .elementor-drop-cap-letter{width:1em;height:1em}.elementor-widget-text-editor .elementor-drop-cap{float:left;text-align:center;line-height:1;font-size:50px}.elementor-widget-text-editor .elementor-drop-cap-letter{display:inline-block}<\/style>\t\t\t\t\t\t\t\t\t\t<\/div>\n\t\t\t\t<\/div>\n\t\t\t\t\t<\/div>\n\t\t<\/div>\n\t\t\t\t\t\t\t<\/div>\n\t\t<\/section>\n\t\t\t\t<section class=\"elementor-section elementor-top-section elementor-element elementor-element-05d8ae8 elementor-section-boxed elementor-section-height-default elementor-section-height-default\" data-id=\"05d8ae8\" data-element_type=\"section\">\n\t\t\t\t\t\t<div class=\"elementor-container elementor-column-gap-default\">\n\t\t\t\t\t<div class=\"elementor-column elementor-col-100 elementor-top-column elementor-element elementor-element-880e5a4\" data-id=\"880e5a4\" data-element_type=\"column\">\n\t\t\t<div class=\"elementor-widget-wrap elementor-element-populated\">\n\t\t\t\t\t\t\t\t<div class=\"elementor-element elementor-element-50ff9e6 e-my-account-tabs-vertical elementor-widget elementor-widget-woocommerce-my-account\" data-id=\"50ff9e6\" data-element_type=\"widget\" data-widget_type=\"woocommerce-my-account.default\">\n\t\t\t\t<div class=\"elementor-widget-container\">\n\t\t\t<link rel=\"stylesheet\" href=\"https:\/\/natal-airport.kaptiva.com.br\/wp-content\/plugins\/elementor-pro\/assets\/css\/widget-woocommerce.min.css\"><div class=\"e-my-account-tab e-my-account-tab__ \">\t\t\t<span class=\"elementor-hidden\">[woocommerce_my_account]<\/span>\n\t\t\t<div class=\"woocommerce\"><\/div>\t\t<\/div>\n\t\t\t\t<\/div>\n\t\t\t\t<\/div>\n\t\t\t\t\t<\/div>\n\t\t<\/div>\n\t\t\t\t\t\t\t<\/div>\n\t\t<\/section>\n\t\t\t\t\t\t\t<\/div>\n\t\t","protected":false},"excerpt":{"rendered":"<p>Meus cursos Meus dados Desconectar Voc\u00ea n\u00e3o tem permiss\u00e3o para efetuar compras! Ol\u00e1, Monitoria Suporte (n\u00e3o \u00e9 Monitoria Suporte? Sair) A partir do painel de controle de sua conta, voc\u00ea pode ver suas compras recentes, gerenciar seus endere\u00e7os de entrega e faturamento, e editar sua senha e detalhes da conta.Clique para ir \u00e0 loja<\/p>\n","protected":false},"author":8,"featured_media":0,"parent":0,"menu_order":0,"comment_status":"closed","ping_status":"closed","template":"","meta":{"_uag_custom_page_level_css":"","footnotes":""},"acf":[],"uagb_featured_image_src":{"full":false,"thumbnail":false,"medium":false,"medium_large":false,"large":false,"1536x1536":false,"2048x2048":false,"educadu-slider":false,"educadu-blog":false,"course_single":false,"course_archive":false,"woocommerce_thumbnail":false,"woocommerce_single":false,"woocommerce_gallery_thumbnail":false},"uagb_author_info":{"display_name":"Elson da Silva Santos","author_link":"https:\/\/natal-airport.kaptiva.com.br\/index.php\/author\/elson-silva\/"},"uagb_comment_info":0,"uagb_excerpt":"Meus cursos Meus dados Desconectar Voc\u00ea n\u00e3o tem permiss\u00e3o para efetuar compras! Ol\u00e1, Monitoria Suporte (n\u00e3o \u00e9 Monitoria Suporte? Sair) A partir do painel de controle de sua conta, voc\u00ea pode ver suas compras recentes, gerenciar seus endere\u00e7os de entrega e faturamento, e editar sua senha e detalhes da conta.Clique para ir \u00e0 loja","_links":{"self":[{"href":"https:\/\/natal-airport.kaptiva.com.br\/index.php\/wp-json\/wp\/v2\/pages\/10551"}],"collection":[{"href":"https:\/\/natal-airport.kaptiva.com.br\/index.php\/wp-json\/wp\/v2\/pages"}],"about":[{"href":"https:\/\/natal-airport.kaptiva.com.br\/index.php\/wp-json\/wp\/v2\/types\/page"}],"author":[{"embeddable":true,"href":"https:\/\/natal-airport.kaptiva.com.br\/index.php\/wp-json\/wp\/v2\/users\/8"}],"replies":[{"embeddable":true,"href":"https:\/\/natal-airport.kaptiva.com.br\/index.php\/wp-json\/wp\/v2\/comments?post=10551"}],"version-history":[{"count":27,"href":"https:\/\/natal-airport.kaptiva.com.br\/index.php\/wp-json\/wp\/v2\/pages\/10551\/revisions"}],"predecessor-version":[{"id":13987,"href":"https:\/\/natal-airport.kaptiva.com.br\/index.php\/wp-json\/wp\/v2\/pages\/10551\/revisions\/13987"}],"wp:attachment":[{"href":"https:\/\/natal-airport.kaptiva.com.br\/index.php\/wp-json\/wp\/v2\/media?parent=10551"}],"curies":[{"name":"wp","href":"https:\/\/api.w.org\/{rel}","templated":true}]}}